{"id":352,"date":"2025-02-26T19:29:49","date_gmt":"2025-02-26T18:29:49","guid":{"rendered":"https:\/\/rredivita.es\/?page_id=352"},"modified":"2025-02-26T19:35:59","modified_gmt":"2025-02-26T18:35:59","slug":"declaracio-daccessibilitat","status":"publish","type":"page","link":"https:\/\/rredivita.es\/ca\/declaracio-daccessibilitat\/","title":{"rendered":"Declaraci\u00f3 d&#8217;accessibilitat"},"content":{"rendered":"\n<p>RREDiVITA s&#8217;ha comprom\u00e8s a fer accessible la p\u00e0gina web de conformitat amb el Reial decret 1112\/2018, del 7 de setembre, sobre accessibilitat dels llocs web i aplicacions per a dispositius m\u00f2bils del sector p\u00fablic.<\/p>\n\n\n\n<h2 class=\"wp-block-heading\">Situaci\u00f3 de compliment<\/h2>\n\n\n\n<p>Aquest lloc web \u00e9s parcialment conforme al Reial Decret 1112\/2018 a causa de les excepcions i la manca de conformitat d&#8217;alguns aspectes, que es detallen a continuaci\u00f3.<\/p>\n\n\n\n<h3 class=\"wp-block-heading\">Contingut no accessible<\/h3>\n\n\n\n<p>El contingut que s&#8217;indica a continuaci\u00f3 no \u00e9s accessible per les raons seg\u00fcents:<\/p>\n\n\n\n<ul class=\"wp-block-list\">\n<li><strong>Manca de conformitat amb el Reial Decret 1112\/2018:<\/strong><ul><li>Poden haver-hi errors puntuals dedici\u00f3 en alguna p\u00e0gina web.<\/li><\/ul><ul><li>Imatges sense text alternatiu adequat.<\/li><\/ul><ul><li>Documents en format PDF o altres formats ofim\u00e0tics no accessibles.<\/li><\/ul>\n<ul class=\"wp-block-list\">\n<li>Alguns v\u00eddeos poden no disposar de subt\u00edtols.<\/li>\n<\/ul>\n<\/li>\n\n\n\n<li><strong>C\u00e0rrega desproporcionada:<\/strong>\n<ul class=\"wp-block-list\">\n<li>Podrien existir fitxers multim\u00e8dia de gran antiguitat que no comptin amb subt\u00edtols o transcripcions.<\/li>\n<\/ul>\n<\/li>\n\n\n\n<li><strong>Contingut que no entra dins l&#8217;\u00e0mbit de la legislaci\u00f3 aplicable:<\/strong>\n<ul class=\"wp-block-list\">\n<li>Continguts de tercers no finan\u00e7ats ni desenvolupats per aquesta entitat, ni sota el seu control.<\/li>\n<\/ul>\n<\/li>\n<\/ul>\n\n\n\n<h2 class=\"wp-block-heading\">Preparaci\u00f3 d\u00b4aquesta declaraci\u00f3 d\u00b4accessibilitat<\/h2>\n\n\n\n<p>Aquesta declaraci\u00f3 va ser preparada el 26\/02\/2025 mitjan\u00e7ant una autoavaluaci\u00f3 duta a terme per la pr\u00f2pia empresa.<\/p>\n\n\n\n<h2 class=\"wp-block-heading\">Observacions i dades de contacte<\/h2>\n\n\n\n<p>Si detecteu alguna barrera d&#8217;accessibilitat o desitgeu comunicar qualsevol altra consulta o suggeriment, podeu fer-ho a trav\u00e9s de:<\/p>\n\n\n\n<ul class=\"wp-block-list\">\n<li><strong>Correu electr\u00f2nic:<\/strong> info@rredivita.es<\/li>\n\n\n\n<li><strong>Tel\u00e8fon:<\/strong> 602 340 409<\/li>\n<\/ul>\n\n\n\n<p>Podeu presentar:<\/p>\n\n\n\n<ul class=\"wp-block-list\">\n<li>Una queixa relativa al compliment dels requisits del Reial decret 1112\/2018.<\/li>\n\n\n\n<li>Una sol\u00b7licitud d&#8217;informaci\u00f3 accessible relativa a:<ul><li>Continguts que estan exclosos de l\u00e0mbit daplicaci\u00f3 de la normativa.<\/li><\/ul>\n<ul class=\"wp-block-list\">\n<li>Continguts exempts per c\u00e0rrega desproporcionada.<\/li>\n<\/ul>\n<\/li>\n<\/ul>\n\n\n\n<p>Les comunicacions seran rebudes i gestionades per RREDiVITA.<\/p>\n\n\n\n<h2 class=\"wp-block-heading\">Contingut opcional<\/h2>\n\n\n\n<p>En aquesta web s&#8217;han adoptat una s\u00e8rie de mesures que tenen com a objectiu millorar l&#8217;accessibilitat. Els avantatges que aix\u00f2 comporta s\u00f3n, entre d&#8217;altres:<\/p>\n\n\n\n<ol start=\"1\" class=\"wp-block-list\">\n<li>Facilitar l&#8217;acc\u00e9s de les persones independentment de la condici\u00f3 f\u00edsica o del seu entorn.<\/li>\n\n\n\n<li>Incloure continguts clars i ben estructurats.<\/li>\n\n\n\n<li>Millorar la navegaci\u00f3 i lexperi\u00e8ncia de lusuari.<\/li>\n<\/ol>\n\n\n\n<p>Entre les mesures adoptades:<\/p>\n\n\n\n<h3 class=\"wp-block-heading\">Una eina d&#8217;accessibilitat<\/h3>\n\n\n\n<p>A totes les p\u00e0gines d&#8217;aquest lloc web, compteu amb un bot\u00f3 flotant ubicat a la zona esquerra amb s\u00edmbol d&#8217;accessibilitat que, quan feu clic, s&#8217;obre una finestra emergent amb les diferents opcions d&#8217;accessibilitat visual que poden afectar la p\u00e0gina web.<\/p>\n\n\n\n<p>Entre elles, destaquen:<\/p>\n\n\n\n<ul class=\"wp-block-list\">\n<li>Lector de text.<\/li>\n\n\n\n<li>Oblida&#8217;t.<\/li>\n\n\n\n<li>Lletra llegible.<\/li>\n\n\n\n<li>Descripci\u00f3 imatges.<\/li>\n\n\n\n<li>Ressaltar enlla\u00e7os.<\/li>\n\n\n\n<li>Ressaltar t\u00edtols.<\/li>\n\n\n\n<li>Botons per ampliar.<\/li>\n\n\n\n<li>Manera llegible.<\/li>\n\n\n\n<li>Lupa de text.<\/li>\n\n\n\n<li>Silenciar mitjans.<\/li>\n\n\n\n<li>Teclat virtual.<\/li>\n\n\n\n<li>Color personalitzat de fons, encap\u00e7alats i contingut.<\/li>\n\n\n\n<li>Monocrom, contrast fosc i contrast clar.<\/li>\n\n\n\n<li>Cursor blanc o negre.<\/li>\n\n\n\n<li>Ajust de la mida i disposici\u00f3 de la font de lletra.<\/li>\n<\/ul>\n","protected":false},"excerpt":{"rendered":"<p>RREDiVITA s&#8217;ha comprom\u00e8s a fer accessible la p\u00e0gina web de conformitat amb el Reial decret 1112\/2018, del 7 de setembre, sobre accessibilitat dels llocs web i aplicacions per a dispositius m\u00f2bils del sector p\u00fablic. Situaci\u00f3 de compliment Aquest lloc web \u00e9s parcialment conforme al Reial Decret 1112\/2018 a causa de les excepcions i la manca [&hellip;]<\/p>\n","protected":false},"author":1,"featured_media":0,"parent":0,"menu_order":0,"comment_status":"closed","ping_status":"closed","template":"","meta":{"_acf_changed":false,"footnotes":""},"class_list":["post-352","page","type-page","status-publish","hentry"],"acf":[],"_links":{"self":[{"href":"https:\/\/rredivita.es\/ca\/wp-json\/wp\/v2\/pages\/352","targetHints":{"allow":["GET"]}}],"collection":[{"href":"https:\/\/rredivita.es\/ca\/wp-json\/wp\/v2\/pages"}],"about":[{"href":"https:\/\/rredivita.es\/ca\/wp-json\/wp\/v2\/types\/page"}],"author":[{"embeddable":true,"href":"https:\/\/rredivita.es\/ca\/wp-json\/wp\/v2\/users\/1"}],"replies":[{"embeddable":true,"href":"https:\/\/rredivita.es\/ca\/wp-json\/wp\/v2\/comments?post=352"}],"version-history":[{"count":1,"href":"https:\/\/rredivita.es\/ca\/wp-json\/wp\/v2\/pages\/352\/revisions"}],"predecessor-version":[{"id":353,"href":"https:\/\/rredivita.es\/ca\/wp-json\/wp\/v2\/pages\/352\/revisions\/353"}],"wp:attachment":[{"href":"https:\/\/rredivita.es\/ca\/wp-json\/wp\/v2\/media?parent=352"}],"curies":[{"name":"wp","href":"https:\/\/api.w.org\/{rel}","templated":true}]}}