{"id":230,"date":"2025-02-24T09:05:30","date_gmt":"2025-02-24T08:05:30","guid":{"rendered":"https:\/\/rredivita.es\/?page_id=230"},"modified":"2025-02-24T11:22:00","modified_gmt":"2025-02-24T10:22:00","slug":"politica-de-privadesa","status":"publish","type":"page","link":"https:\/\/rredivita.es\/ca\/politica-de-privadesa\/","title":{"rendered":"Pol\u00edtica de Privadesa"},"content":{"rendered":"\n<p>Tot el que fem a RREDiVITA \u00e9s per i per a tu. Tot canvia en aquesta vida, fins i tot les Pol\u00edtiques de Privadesa, per\u00f2 qu\u00e8 no s&#8217;estengui el p\u00e0nic! Seguim prenent-nos molt seriosament la privadesa i seguretat de tots els nostres usuaris. Gent com tu que no vol que les seves dades es vegin compromeses. Aix\u00ed que a RREDiVITA estem compromesos al 100% per protegir la teva informaci\u00f3, que s\u00e0pigues com la gestionem i quins s\u00f3n els teus drets.<\/p>\n\n\n\n<p>En utilitzar aquest lloc web rredivita.es (la \u201cWeb\u201d) o qualsevol dels seus serveis i formularis, RREDiVITA recull les dades personals de cada usuari (l&#8217;\u201cUsuari\u201d o, indistintament, els \u201cUsuaris\u201d) de conformitat amb aquesta pol\u00edtica de privadesa (\u201cPol\u00edtica de Privadesa\u201d) i qualsevol altra que la substitueixi en un futur.<\/p>\n\n\n\n<p>Tot aquell Usuari que no estigui conforme amb la Pol\u00edtica de Privadesa haur\u00e0 d&#8217;abstenir-se d&#8217;accedir, completar formularis o de qualsevol manera a utilitzar el Web.<\/p>\n\n\n\n<p><strong>1. Responsable del tractament de les teves dades<\/strong><\/p>\n\n\n\n<p>1.1. El responsable de la recollida i tractament de les teves dades personals a la Web \u00e9s Axel Valencia Cant\u00fa, sota el nom comercial de RREDiVITA, amb domicili a Carrer del Bosc, 40, Baix, 08210 Barber\u00e0 del Vall\u00e8s, Barcelona, \u200b\u200bi amb NIF Y7515344Q (d&#8217;ara endavant, RREDiVITA).<\/p>\n\n\n\n<p><strong>2. Quina informaci\u00f3 recopilem i tractem sobre tu?<\/strong><\/p>\n\n\n\n<p>2.1. RREDiVITA recopila i tracta diferent informaci\u00f3 dels usuaris. Aquesta informaci\u00f3 pot constituir, moltes vegades, dades personals dels Usuaris. Aquesta informaci\u00f3 tindr\u00e0 la consideraci\u00f3 de \u201cdada personal\u201d quan pugui identificar directament o ens pugui permetre identificar una persona f\u00edsica.<\/p>\n\n\n\n<p>2.2. Aquestes dades personals poden haver estat directament proporcionades per l&#8217;Usuari, en interactuar a la Web o completar algun dels formularis disponibles, o poden haver estat inferides de la relaci\u00f3 que mantenim amb tu. En concret:<\/p>\n\n\n\n<figure class=\"wp-block-table\"><table class=\"has-fixed-layout\"><tbody><tr><td>Informaci\u00f3 que tu ens proporciones<\/td><td>Comparteixes dades personals amb nosaltres sobre tu quan: Emplenes formularis a la nostra Web, incloent quan compres productes online, quan ens fas alguna consulta, crees un compte i\/o et d\u00f3nes d&#8217;alta per rebre material promocional i newsletters. Respondre enquestes o participant en concursos o sorteigs. En qualsevol comunicaci\u00f3 amb nosaltres, ja sigui per tel\u00e8fon, e-mail, post o quan et connectis al teu compte, compris o envi\u00efs una consulta o suggeriment. Ens contactes en relaci\u00f3 amb els nostres productes, serveis, fas una queixa o qualsevol altra consulta. En particular, quan ens truques, les teves trucades poden ser gravades de tant en tant amb prop\u00f2sits de formaci\u00f3 i monitoritzaci\u00f3. No esteu obligats a proporcionar-nos les vostres dades personals. No obstant aix\u00f2, si no ho fas, no podrem processar la teva comanda o proporcionar-te altres serveis, com ara respondre a les teves consultes.<\/td><\/tr><tr><td>Informaci\u00f3 que podem recopilar sobre tu<\/td><td>Recollim dades sobre tu quan: Visites la nostra Web, incloent detalls sobre les visites a les nostres webs, com l&#8217;adre\u00e7a IP que uses per connectar el teu ordinador a internet, adreces MAC, tr\u00e0nsit de dades, dades de localitzaci\u00f3, les teves dades d&#8217;acc\u00e9s, ajustaments de zona hor\u00e0ria, tipus de cercador i versions, sistema operatiu i plataforma, weblogs, cookies i altres comunicacions de dades i. Per a m\u00e9s informaci\u00f3 podeu visitar la nostra Pol\u00edtica de cookies. Connectes els teus comptes de RRSS amb nosaltres, per habilitar el teu registre a les nostres webs de manera senzilla i segura sense haver de crear un nou compte. En cas que aix\u00ed ho requereixi la normativa aplicable, a RREDiVITA obtindrem els consentiments necessaris o tractarem aquesta informaci\u00f3 sempre sota una base jur\u00eddica adequada.<\/td><\/tr><tr><td>Informaci\u00f3 que rebem d&#8217;altres comptes<\/td><td>Rebem dades personals sobre tu per part de tercers A causa de fusions o adquisicions quan obtenim les teves dades d&#8217;una altra empresa. Quan treballem amb empreses d\u201fanal\u00edtica del sector retail, empreses de coneixement del client, organismes de refer\u00e8ncia de cr\u00e8dit i fonts disponibles p\u00fablicament i que ens ajuden a entendre comportaments demogr\u00e0fics i de compres dels clients.<\/td><\/tr><\/tbody><\/table><\/figure>\n\n\n\n<p>2.3. Les dades personals que podran ser tractades per RREDiVITA s\u00f3n les seg\u00fcents:<\/p>\n\n\n\n<p>a) Dades de clients, recollides per RREDiVITA a trav\u00e9s d&#8217;aquesta Web:<\/p>\n\n\n\n<ul class=\"wp-block-list\">\n<li>Dades de contacte: nom i cognoms, tel\u00e8fon, correu electr\u00f2nic, DNI o CIF i adre\u00e7a de facturaci\u00f3.<\/li>\n\n\n\n<li>Dades contractuals i banc\u00e0ries: n\u00famero de targeta de d\u00e8bit o cr\u00e8dit, historial de compres, contractes i condicions generals de contractaci\u00f3 i comunicacions mantingudes, consultes i enquestes.<\/li>\n<\/ul>\n\n\n\n<p>b) Potencials clients, recollits en els formularis de la Web, sota el consentiment previ i expr\u00e9s del potencial client per al tractament de qu\u00e8 es tracti, dentre els descrits en aquesta Pol\u00edtica de Privadesa.<\/p>\n\n\n\n<ul class=\"wp-block-list\">\n<li>Dades de contacte: nom i cognoms, tel\u00e8fon i correu electr\u00f2nic.<\/li>\n<\/ul>\n\n\n\n<p>2.4. RREDiVITA ha habilitat, alhora, diferents formularis a la Web, a trav\u00e9s dels quals recopila la seg\u00fcent informaci\u00f3:<\/p>\n\n\n\n<ul class=\"wp-block-list\">\n<li>Formulari de sol\u00b7licitud de pressupost<\/li>\n\n\n\n<li>Formulari de contacte<\/li>\n<\/ul>\n\n\n\n<p>2.5. Els Usuaris garanteixen que les dades personals proporcionades s\u00f3n certes i exactes i es comprometen a notificar qualsevol canvi o modificaci\u00f3. Seran responsables de qualsevol p\u00e8rdua o dany causat a la Web, RREDiVITA oa qualsevol tercer mitjan\u00e7ant la comunicaci\u00f3 dinformaci\u00f3 err\u00f2nia, inexacta o incompleta.<\/p>\n\n\n\n<p>2.6. En cas de no subministrar les dades considerades com a necess\u00e0ries, pot ser que no sigui possible procedir a l&#8217;alta, la inscripci\u00f3, la sol\u00b7licitud d&#8217;informaci\u00f3, etc. pretesa per l&#8217;usuari.<\/p>\n\n\n\n<p>2.7. Tingueu en compte que en cap cas no cal que els Usuaris incloguin informaci\u00f3 o dades de car\u00e0cter sensible, com s\u00f3n l&#8217;origen \u00e8tnic o racial, les opinions pol\u00edtiques, les conviccions religioses o filos\u00f2fiques, o l&#8217;afiliaci\u00f3 sindical, dades relatives a la salut o dades relatives a la vida sexual, l&#8217;orientaci\u00f3 sexual, o dades relatives als antecedents penals.<\/p>\n\n\n\n<p><strong>3. Amb quina finalitat i sota quina legitimaci\u00f3 tractem les vostres dades personals?<\/strong><\/p>\n\n\n\n<p>3.1. RREDiVITA utilitza les teves dades personals, proporcionades o recollides de conformitat amb aquesta Pol\u00edtica de Privadesa, per proporcionar, desenvolupar i, en definitiva, millorar la prestaci\u00f3 dels serveis oferts a la Web.<\/p>\n\n\n\n<p>3.2. T&#8217;indiquem les finalitats concretes per a les quals tractem les teves dades personals, aix\u00ed com la base jur\u00eddica que en legitima l&#8217;\u00fas en cada cas:<\/p>\n\n\n\n<p>A) GESTI\u00d3 DE LA CONTRACTACI\u00d3 DELS SERVEIS SOL\u00b7LICITATS PELS USUARIS<\/p>\n\n\n\n<p>Base jur\u00eddica: execuci\u00f3 de mesures precontractuals i del posterior contracte i inter\u00e8s leg\u00edtim de RREDiVITA.<\/p>\n\n\n\n<p>En el marc d&#8217;aquesta finalitat del tractament, des de RREDiVITA podrem:<\/p>\n\n\n\n<ul class=\"wp-block-list\">\n<li>Remetre recordatoris via electr\u00f2nica en cas que haguessis comen\u00e7at el proc\u00e9s de contractaci\u00f3 sense acabar-lo.<\/li>\n\n\n\n<li>Gestionar la contractaci\u00f3, la facturaci\u00f3 i la prestaci\u00f3 dels serveis contractats.<\/li>\n\n\n\n<li>Facilitar-te acc\u00e9s a la llista de serveis que has comprat amb nosaltres, als rebuts de compra ia l&#8217;estat de la teva comanda.<\/li>\n\n\n\n<li>Analitzar possibles fraus i suplantacions didentitat.<\/li>\n\n\n\n<li>Atendre les teves consultes i peticions.<\/li>\n\n\n\n<li>Comunicar-nos amb tu en relaci\u00f3 amb els productes o serveis contractats.<\/li>\n\n\n\n<li>Exercir i defensar-nos en el marc d&#8217;accions legals que ens assisteixin.<\/li>\n<\/ul>\n\n\n\n<p>B) ATENCI\u00d3 A LES CONSULTES I PETICIONS FORMULADES PELS USUARIS A LA WEB.<\/p>\n\n\n\n<p>Base jur\u00eddica: execuci\u00f3 de mesures precontractuals o contractuals, el teu consentiment en dirigir les consultes cap a RREDiVITA.<\/p>\n\n\n\n<p>En el marc d&#8217;aquesta finalitat del tractament, des de RREDiVITA podrem atendre, gestionar i resoldre les vostres sol\u00b7licituds i consultes rebudes pels diferents canals de contacte (per exemple, a trav\u00e9s dels formularis web i trucades a centres de contacte de clients).<\/p>\n\n\n\n<p>C) COMPLIMENT D&#8217;OBLIGACIONS LEGALS I REQUERIMENTS DE DIFERENTS ORGANISMES.<\/p>\n\n\n\n<p>Base jur\u00eddica: compliment d&#8217;obligacions legals aplicables a RREDiVITA.<\/p>\n\n\n\n<p>En el marc d&#8217;aquesta finalitat del tractament, des de RREDiVITA podrem complir qualsevol obligaci\u00f3 legal que ens sigui aplicable i exigible, atendre requeriments de qualsevol organisme, tribunal o administraci\u00f3 p\u00fablica. Aix\u00ed mateix, podrem prevenir i detectar i evitar possible frau i delictes.<\/p>\n\n\n\n<p>E) GESTI\u00d3 DEL WEB I AN\u00c0LISI DEL SEU \u00daS<\/p>\n\n\n\n<p>Base jur\u00eddica: inter\u00e8s leg\u00edtim a analitzar l&#8217;\u00fas de la Web, per millorar els serveis prestats als Usuaris i oferir-los m\u00e9s seguretat. En el cas d&#8217;\u00fas de galetes i tecnologies similars, el consentiment de l&#8217;Usuari, en els termes descrits a la Pol\u00edtica de galetes de RREDiVITA.<\/p>\n\n\n\n<p>En el marc d&#8217;aquesta finalitat del tractament, des de RREDiVITA podrem:<\/p>\n\n\n\n<ul class=\"wp-block-list\">\n<li>Entendre com navegues.<\/li>\n\n\n\n<li>Desenvolupar i millorar els nostres productes i serveis.<\/li>\n\n\n\n<li>Desenvolupar i millorar la web, marcant opcions predeterminades com ara l&#8217;idioma i la moneda. Aix\u00ed com garantir que el contingut es mostra de la manera m\u00e9s eficient possible.<\/li>\n\n\n\n<li>Analitzar les prefer\u00e8ncies dels clients.<\/li>\n\n\n\n<li>Realitzar enquestes i concursos.<\/li>\n\n\n\n<li>Recollir les dades personals perqu\u00e8 estiguis informat sobre possibles canvis en els nostres serveis.<\/li>\n\n\n\n<li>Recollir informaci\u00f3 per gestionar els comptes d&#8217;usuari de forma m\u00e9s eficient i millorar l&#8217;experi\u00e8ncia a la web.<\/li>\n<\/ul>\n\n\n\n<p>F) ENVIAMENT DE COMUNICACIONS COMERCIALS<\/p>\n\n\n\n<p>Base jur\u00eddica: inter\u00e8s leg\u00edtim en enviar-vos comunicacions comercials d&#8217;ofertes i descomptes de serveis relacionats amb els serveis similars als que heu contractat amb RREDiVITA, en el cas de clients, o el consentiment, en cas de clients potencials, aquells Usuaris que haguessin deixat de ser clients.<\/p>\n\n\n\n<p>Per realitzar les comunicacions comercials esmentades per via electr\u00f2nica, RREDiVITA podr\u00e0 utilitzar les teves dades personals i les que recubin durant el proc\u00e9s de contractaci\u00f3 de productes i dels serveis per personalitzar la informaci\u00f3 comercial i enviar-te les comunicacions que puguin resultar del teu inter\u00e8s i s&#8217;ajustin a les teves necessitats i prefer\u00e8ncies de consum.<\/p>\n\n\n\n<p>En virtut de la normativa aplicable, RREDiVITA tamb\u00e9 consultar\u00e0 les llistes dexclusi\u00f3 publicit\u00e0ria.<\/p>\n\n\n\n<p><strong>4. Amb qui compartim la teva informaci\u00f3?<\/strong><\/p>\n\n\n\n<p>4.1. Com s&#8217;indica a continuaci\u00f3, les teves dades personals nom\u00e9s seran accessibles per tercers, en els seg\u00fcents sup\u00f2sits i amb els prop\u00f2sits indicats a la nostra Pol\u00edtica de Privadesa:<\/p>\n\n\n\n<p>a) Prove\u00efdors de serveis: la teva informaci\u00f3 podr\u00e0 ser accessible per a un nombre redu\u00eft de tercers amb l&#8217;objectiu de poder oferir-te els nostres productes i serveis i gestionar el manteniment adequat del Web. Les dades es comparteixen amb:<\/p>\n\n\n\n<ul class=\"wp-block-list\">\n<li>Empreses registradores de dominis, allotjament web i certificat SSL, per donar el teu servei d&#8217;alta, en cas que hagis contractat el servei amb RREDiVITA.<\/li>\n\n\n\n<li>Els nostres prove\u00efdors de confian\u00e7a, com ara ag\u00e8ncies de m\u00e0rqueting, socis publicitaris i allotjament web o manteniment d&#8217;inform\u00e0tica.<\/li>\n\n\n\n<li>Aquelles empreses de venda d&#8217;eines necess\u00e0ries per a la construcci\u00f3, el desenvolupament i el disseny d&#8217;una web.<\/li>\n\n\n\n<li>Prestadors de serveis datenci\u00f3 al client, cobraments o vendes.<\/li>\n\n\n\n<li>Empreses dassessoria, auditoria i consultoria.<\/li>\n<\/ul>\n\n\n\n<p>Nom\u00e9s compartirem la teva informaci\u00f3 a tercers quan sigui imprescindible perqu\u00e8 puguin fer els serveis que els sol\u00b7licitem o quan hagis prestat el teu consentiment perqu\u00e8 es produeixi cada comunicaci\u00f3 de dades.<\/p>\n\n\n\n<p>RREDiVITA garanteix que, en aquests casos, aquests tercers prestadors de serveis tindran un acc\u00e9s limitat a les teves dades personals en la mesura necess\u00e0ria per executar les tasques encomanades, signaran un contracte d&#8217;enc\u00e0rrec de tractament i quedaran obligades a no revelar la informaci\u00f3 ni a utilitzar-la per a fins diferents de la prestaci\u00f3 del servei corresponent.<\/p>\n\n\n\n<p>b) Divulgacions requerides per llei. \u00c9s possible que comuniquem dades personals a tercers per poder complir la nostra obligaci\u00f3 legal o reguladora, aix\u00ed com si fos necessari en algun altre procediment legal. En particular, podrem comunicar les dades personals i la informaci\u00f3 proporcionada pels Usuaris quan ho requereixi la llei, en un procediment judicial, per investigar una activitat sospitosa, o per a qualsevol altra manera protegir els drets propis i dels Usuaris.<\/p>\n\n\n\n<p>En aquests casos, RREDiVITA es compromet a notificar als Usuaris que les seves dades han estat sol\u00b7licitades jur\u00eddicament, en la mesura que sigui possible i en els casos en qu\u00e8 aquesta comunicaci\u00f3 no sigui incompatible amb la finalitat per a la qual les dades han estat inicialment divulgades.<\/p>\n\n\n\n<p><strong>5. Quines s\u00f3n les decisions autom\u00e0tiques que prenem per tu?<\/strong><\/p>\n\n\n\n<p>5.1. RREDiVITA duu a terme una avaluaci\u00f3 del teu perfil amb l&#8217;objectiu de millorar els nostres serveis i que aix\u00ed els missatges de m\u00e0rqueting estiguin m\u00e9s personalitzats. L\u201fimpacte d\u201faquestes decisions autom\u00e0tiques \u00e9s oferir una experi\u00e8ncia immillorable.<\/p>\n\n\n\n<p><strong>6. Transfer\u00e8ncia de les vostres dades personals fora de l&#8217;espai econ\u00f2mic europeu<\/strong><\/p>\n\n\n\n<p>6.1. RREDiVITA recull, emmagatzema i tracta les dades personals dels Usuaris a diferents servidors dins de l&#8217;Espai Econ\u00f2mic Europeu.<\/p>\n\n\n\n<p>6.2. No obstant aix\u00f2, \u00e9s possible que la vostra informaci\u00f3 sigui transferida fora de l&#8217;Espai Econ\u00f2mic Europeu a territoris que poden no garantir el mateix nivell de protecci\u00f3 en mat\u00e8ria de protecci\u00f3 de dades. En aquests casos, RREDiVITA nom\u00e9s dur\u00e0 a terme aquestes transfer\u00e8ncies internacionals de dades a tercers pa\u00efsos respecte dels quals la Comissi\u00f3 Europea hagi em\u00e8s una decisi\u00f3 d&#8217;adequaci\u00f3 o, si no, quan RREDiVITA i el cessionari de les dades hagin implementat les salvaguardes i ofert garanties adequades de forma pr\u00e8via a dur a terme la transfer\u00e8ncia (e.g.<\/p>\n\n\n\n<p><strong>7. Conservaci\u00f3 de les teves dades personals<\/strong><\/p>\n\n\n\n<p>7.1. Conservem les teves dades personals durant el temps necessari per poder complir amb el prop\u00f2sit pel qual van ser recopilades, tal com recull aquesta Pol\u00edtica de Privadesa, llevat que per q\u00fcestions legals el termini de retenci\u00f3 sigui m\u00e9s gran.<\/p>\n\n\n\n<p>7.2. Posteriorment, les teves dades seran conservades durant els terminis legals que en cada cas siguin aplicables, tenint en compte la tipologia de dades, aix\u00ed com la finalitat del tractament. D&#8217;altra banda, una vegada complertes les finalitats, RREDiVITA conservar\u00e0 les teves dades personals degudament bloquejades, en la mesura que es puguin derivar responsabilitats per a RREDiVITA o de qualsevol altra forma sigui legalment requerit.<\/p>\n\n\n\n<p>7.3. RREDiVITA disposa d&#8217;un protocol de terminis de conservaci\u00f3, d&#8217;acord amb el qual:<\/p>\n\n\n\n<p>d) El m\u00e9s normal \u00e9s que guardem les teves dades personals durant 6 anys des de la teva compra per poder solucionar qualsevol problema amb els serveis que has rebut, a m\u00e9s de poder utilitzar-los en els procediments legals pertinents.<\/p>\n\n\n\n<p>e) En alguns casos la informaci\u00f3 s&#8217;esborrar\u00e0 en un per\u00edode de temps inferior, com, per exemple: (i) les cookies tenen la durada prevista a la nostra Pol\u00edtica de Cookies; (ii) en la mesura necess\u00e0ria per facilitar als Usuaris la informaci\u00f3 sol\u00b7licitada i contestar les consultes, les dades es conserven fins que s&#8217;ha donat resposta i una vegada contestada la consulta, les dades seran bloquejades i conservades nom\u00e9s per al compliment d&#8217;obligacions legals.<\/p>\n\n\n\n<p>f) Hi ha ocasions en qu\u00e8, encara que les teves dades no siguin necess\u00e0ries per oferir-te un millor servei, les guardarem per complir amb condicions legals o reguladores, resoldre conflictes, prevenir el frau o ab\u00fas, o complir els nostres termes i condicions.<\/p>\n\n\n\n<p><strong>8. Seguretat de les teves dades personals<\/strong><\/p>\n\n\n\n<p>8.1. La transmissi\u00f3 d&#8217;informaci\u00f3 a Internet no \u00e9s ni pot ser completament segura. Encara que a RREDiVITA fem tot el que est\u00e0 a la nostra m\u00e0 per protegir les teves dades personals, no et podem garantir amb total certesa la completa seguretat de la teva informaci\u00f3 transmesa a trav\u00e9s de les nostres p\u00e0gines web. \u00c9s el mateix Usuari qui assumeix el risc de totes aquestes transmissions.<\/p>\n\n\n\n<p>8.2. En aquest sentit, a RREDiVITA hem adoptat mesures de seguretat, aix\u00ed com mesures d&#8217;\u00edndole t\u00e8cnica i organitzatives necess\u00e0ries per garantir la confidencialitat, integritat i seguretat de les dades personals, i evitar-ne la p\u00e8rdua, alteraci\u00f3, tractament o acc\u00e9s no autoritzat, tenint en compte l&#8217;estat de la tecnologia i la naturalesa de les dades emmagatzemades. Aix\u00ed mateix, RREDiVITA controla peri\u00f2dicament els seus sistemes per detectar possibles vulnerabilitats i atacs, i aix\u00ed prevenir qualsevol acc\u00e9s no autoritzat.<\/p>\n\n\n\n<p><strong>9. Quins drets tens?<\/strong><\/p>\n\n\n\n<p>9.1. La normativa sobre protecci\u00f3 de dades estableix els drets que pots exercitar en relaci\u00f3 amb el tractament de les teves dades personals tal com pots veure m\u00e9s avall. Podeu exercitar qualsevol dret, identificant amb claredat el dret que esteu exercitant, a trav\u00e9s de l&#8217;adre\u00e7a de correu electr\u00f2nic: axelvalenciaftr@gmail.com.<\/p>\n\n\n\n<p>9.2. Els drets que pots exercitar, en els termes previstos per la legislaci\u00f3 vigent, serien els seg\u00fcents:<\/p>\n\n\n\n<figure class=\"wp-block-table\"><table class=\"has-fixed-layout\"><tbody><tr><td>Acc\u00e9s<\/td><td>Tens dret a sol\u00b7licitar una confirmaci\u00f3 que les teves dades personals estan sent tractades, accedir-hi (enviar\u00edem una c\u00f2pia) i una altra informaci\u00f3 sobre com tractem les teves dades.<\/td><\/tr><tr><td>Rectificaci\u00f3<\/td><td>Tens dret a sol\u00b7licitar un canvi a les teves dades personals si no \u00e9s del tot correcta o b\u00e9 est\u00e0 incompleta.<\/td><\/tr><tr><td>Supressi\u00f3<\/td><td>Tens dret a sol\u00b7licitar l&#8217;eliminaci\u00f3 de les teves dades personals si: (i) ja no s\u00f3n necess\u00e0ries per als fins per als quals van ser recollits o tractats altrament, (ii) si retires el teu consentiment, o (iii) quan entenguis que han estat tractats il\u00b7l\u00edcitament o (iv) d&#8217;una altra manera sigui legalment establert.<\/td><\/tr><tr><td>Limitaci\u00f3 del tractament<\/td><td>Tens dret a sol\u00b7licitar que es limiti o es bloquegi el tractament de les teves dades personals, mentre impugnes l&#8217;exactitud de les teves dades personals, quan entenguis que el tractament \u00e9s il\u00b7l\u00edcit, quan les teves dades personals ja no siguin necess\u00e0ries per a les finalitats per a les quals van ser recollides, per\u00f2 s\u00ed per a la formulaci\u00f3, exercici o defensa de reclamacions, o en cas d&#8217;oposici\u00f3 mentre verifica.<\/td><\/tr><tr><td>Oposici\u00f3 al tractament<\/td><td>Teniu dret a oposar-vos al nostre tractament de les vostres dades personals per motius relacionats amb la vostra situaci\u00f3 particular, quan les vostres dades personals s\u00f3n objecte de tractament amb base a l&#8217;inter\u00e8s leg\u00edtim o amb fins de m\u00e0rqueting i enviament d&#8217;informaci\u00f3 comercial, inclosa l&#8217;elaboraci\u00f3 de perfils. En aquest cas, RREDiVITA estar\u00e0 obligada a deixar de tractar les teves dades personals, llevat que hi hagi motius leg\u00edtims que prevalguin o les teves dades personals siguin necess\u00e0ries per a la formulaci\u00f3, exercici o defensa de reclamacions.<\/td><\/tr><tr><td>Portabilitat<\/td><td>Pots sol\u00b7licitar la recepci\u00f3 de les teves dades personals en un format estructurat, d&#8217;\u00fas com\u00fa i lectura mec\u00e0nica, i la seva transmissi\u00f3 a un altre responsable del tractament, quan el tractament de les teves dades personals es base en el consentiment o l&#8217;execuci\u00f3 d&#8217;un contracte i el tractament es faci per mitjans automatitzats.<\/td><\/tr><tr><td>Retireu el consentiment<\/td><td>Tens dret a revocar el teu consentiment en qualsevol moment, quan depengui de nosaltres fer servir les teves dades personals sobre aquesta base de legitimaci\u00f3, per exemple, quan necessitem el teu consentiment per enviar-te informacions de m\u00e0rqueting (previst en aquesta Pol\u00edtica de Privadesa). La retirada del consentiment no afecta la licitud del tractament basada en el consentiment previ a la seva retirada.<\/td><\/tr><\/tbody><\/table><\/figure>\n\n\n\n<p><strong>10. I si tens una reclamaci\u00f3?<\/strong><\/p>\n\n\n\n<p>10.1. Si teniu qualsevol preocupaci\u00f3 pel que fa al tractament de les vostres dades personals, no esteu satisfet sobre com hem gestionat les vostres consultes o si us agradaria posar una reclamaci\u00f3, si us plau, contacteu amb el nostre servei d&#8217;atenci\u00f3 al client usant les dades que trobareu a l&#8217;inici d&#8217;aquesta Pol\u00edtica de Privadesa, perqu\u00e8 pugueu fer el millor per solucionar el vostre problema.<\/p>\n\n\n\n<p>10.2. Aix\u00ed mateix, tamb\u00e9 podeu presentar en qualsevol moment una reclamaci\u00f3 davant l&#8217;autoritat de control competent que, en el cas d&#8217;Espanya, \u00e9s l&#8217;Ag\u00e8ncia Espanyola de Protecci\u00f3 de Dades.<\/p>\n\n\n\n<p><strong>11. Canvis en aquesta pol\u00edtica de privadesa<\/strong><\/p>\n\n\n\n<p>11.1. RREDiVITA es reserva el dret de modificar aquesta Pol\u00edtica de Privadesa com a conseq\u00fc\u00e8ncia de la realitzaci\u00f3 de nous tractaments sobre les dades personals, o la modificaci\u00f3 dels existents, aix\u00ed com en funci\u00f3 de noves exig\u00e8ncies legislatives, reglament\u00e0ries, per motius de seguretat o amb la finalitat d&#8217;adaptar aquesta pol\u00edtica a les instruccions de les autoritats de control en mat\u00e8ria de protecci\u00f3 de dades o nous processos.<\/p>\n\n\n\n<p>11.2. Prenem les mesures necess\u00e0ries per comunicar-te qualsevol canvi en aquesta Pol\u00edtica de Privadesa i publicarem qualsevol actualitzaci\u00f3 de les nostres pol\u00edtiques de privadesa a la Web. Sempre que es produeixin canvis significatius en aquesta Pol\u00edtica de Privadesa, degudament als Usuaris a trav\u00e9s del Web per oferir a tots els Usuaris la possibilitat de revisar els canvis i, en cas de resultar necessari, acceptar-los abans que es facin efectius.<\/p>\n\n\n\n<p><strong>12. Contacte<\/strong><\/p>\n\n\n\n<p>12.1. Per a qualsevol dubte o consulta sobre aquesta Pol\u00edtica de Privadesa, no dubteu a comunicar-vos amb nosaltres a trav\u00e9s dels formularis de la Web, o podeu contactar RREDiVITA a trav\u00e9s de la seg\u00fcent adre\u00e7a de correu electr\u00f2nic: axelvalenciaftr@gmail.com.<\/p>\n","protected":false},"excerpt":{"rendered":"<p>Tot el que fem a RREDiVITA \u00e9s per i per a tu. Tot canvia en aquesta vida, fins i tot les Pol\u00edtiques de Privadesa, per\u00f2 qu\u00e8 no s&#8217;estengui el p\u00e0nic! Seguim prenent-nos molt seriosament la privadesa i seguretat de tots els nostres usuaris. Gent com tu que no vol que les seves dades es vegin [&hellip;]<\/p>\n","protected":false},"author":1,"featured_media":0,"parent":0,"menu_order":0,"comment_status":"closed","ping_status":"closed","template":"","meta":{"_acf_changed":false,"footnotes":""},"class_list":["post-230","page","type-page","status-publish","hentry"],"acf":[],"_links":{"self":[{"href":"https:\/\/rredivita.es\/ca\/wp-json\/wp\/v2\/pages\/230","targetHints":{"allow":["GET"]}}],"collection":[{"href":"https:\/\/rredivita.es\/ca\/wp-json\/wp\/v2\/pages"}],"about":[{"href":"https:\/\/rredivita.es\/ca\/wp-json\/wp\/v2\/types\/page"}],"author":[{"embeddable":true,"href":"https:\/\/rredivita.es\/ca\/wp-json\/wp\/v2\/users\/1"}],"replies":[{"embeddable":true,"href":"https:\/\/rredivita.es\/ca\/wp-json\/wp\/v2\/comments?post=230"}],"version-history":[{"count":1,"href":"https:\/\/rredivita.es\/ca\/wp-json\/wp\/v2\/pages\/230\/revisions"}],"predecessor-version":[{"id":231,"href":"https:\/\/rredivita.es\/ca\/wp-json\/wp\/v2\/pages\/230\/revisions\/231"}],"wp:attachment":[{"href":"https:\/\/rredivita.es\/ca\/wp-json\/wp\/v2\/media?parent=230"}],"curies":[{"name":"wp","href":"https:\/\/api.w.org\/{rel}","templated":true}]}}