{"id":204,"date":"2025-02-24T09:05:29","date_gmt":"2025-02-24T09:05:29","guid":{"rendered":"https:\/\/rredivita.es\/?page_id=204"},"modified":"2025-02-24T09:54:06","modified_gmt":"2025-02-24T09:54:06","slug":"avis-legal","status":"publish","type":"page","link":"https:\/\/rredivita.es\/ca\/avis-legal\/","title":{"rendered":"Av\u00eds Legal"},"content":{"rendered":"\n<p>El lloc web rredivita.es \u00e9s propietat d&#8217;Axel Valencia Cant\u00fa (d&#8217;ara endavant, RREDiVITA), amb domicili a efectes de notificacions a Carrer del Bosc, 40, Baix, 08210 Barber\u00e0 del Vall\u00e8s, Barcelona, \u200b\u200bNIF n\u00fam. Y7515344Q i adre\u00e7a de correu electr\u00f2nic axelvalenciaftr@gmail.com, ia trav\u00e9s del mateix es proporciona informaci\u00f3 sobre les seves activitats.<\/p>\n\n\n\n<p>L&#8217;acc\u00e9s i l&#8217;\u00fas del lloc web atribueix al que el realitza la condici\u00f3 d&#8217;usuari i implica l&#8217;acceptaci\u00f3 \u00edntegra, expressa i sense reserves de les presents condicions generals, vigents en el moment de l&#8217;acc\u00e9s. Si l&#8217;usuari no comprengu\u00e9s totalment aquestes condicions d&#8217;\u00fas o no hi estigu\u00e9s d&#8217;acord, s&#8217;haur\u00e0 d&#8217;abstenir d&#8217;utilitzar i operar a trav\u00e9s d&#8217;aquest lloc web.<\/p>\n\n\n\n<p>Aquestes condicions generals regeixen \u00fanica i exclusivament l&#8217;\u00fas del lloc web de RREDiVITA per part dels usuaris que hi accedeixin i\/o naveguin per rredivita.es. Aquestes condicions generals s&#8217;exposen a totes i cadascuna de les p\u00e0gines del lloc web rredivita.es, perqu\u00e8 els usuaris puguin llegir-les, imprimir-les i arxivar-les.<\/p>\n\n\n\n<p><strong>PRIMERA.- CONDICIONS D&#8217;ACC\u00c9S I \u00daS.<\/strong><\/p>\n\n\n\n<p>La utilitzaci\u00f3 del lloc web de RREDiVITA \u00e9s gratu\u00efta i no requereix el registre previ de l&#8217;usuari. En aquells casos que l&#8217;acc\u00e9s i\/o \u00fas de determinats serveis i\/o continguts requerissin el registre o subscripci\u00f3 dels usuaris, caldr\u00e0 que aquests acceptin pr\u00e8viament la corresponent Pol\u00edtica de Privadesa i les Condicions Generals espec\u00edfiques, no sent possible l&#8217;acc\u00e9s als mateixos sense aquesta acceptaci\u00f3.<\/p>\n\n\n\n<p>Les condicions d&#8217;acc\u00e9s i \u00fas del present lloc web es regeixen estrictament per la legalitat vigent i pel principi de bona fe, l&#8217;usuari es compromet a fer un bon \u00fas del web. Queden prohibits tots els actes que vulnerin drets o interessos de tercers (dret a la intimitat, protecci\u00f3 de dades, propietat intel\u00b7lectual, etc.), o la legalitat vigent.<\/p>\n\n\n\n<p>RREDiVITA prohibeix expressament:<\/p>\n\n\n\n<p>Realitzar accions que puguin produir al lloc web oa trav\u00e9s del mateix, per qualsevol mitj\u00e0, qualsevol tipus de dany als sistemes de RREDiVITA oa tercers.<\/p>\n\n\n\n<p>Realitzar sense la deguda autoritzaci\u00f3 qualsevol tipus de publicitat o informaci\u00f3 comercial directament o de forma encoberta, l&#8217;enviament de correus massius (spaming) o enviament de grans missatges per tal de bloquejar servidors de la xarxa (mail bombing).<\/p>\n\n\n\n<p>L&#8217;usuari es compromet no a utilitzar el lloc web, ni els continguts o informaci\u00f3 i\/o els serveis que s&#8217;hi ofereixen per a la realitzaci\u00f3 d&#8217;activitats contr\u00e0ries a la llei ia respectar en tot moment les presents condicions generals.<\/p>\n\n\n\n<p>RREDiVITA podr\u00e0 interrompre en qualsevol moment l&#8217;acc\u00e9s al vostre lloc web si detecta un \u00fas contrari a la legalitat, la bona fe oa les presents condicions generals.<\/p>\n\n\n\n<p><strong>SEGONA.- CONTINGUTS.<\/strong><\/p>\n\n\n\n<p>Els continguts incorporats en aquest lloc web han estat elaborats i inclosos per RREDiVITA, utilitzant fonts internes i externes, de manera que RREDiVITA \u00fanicament es fa responsable pels continguts elaborats de forma interna.<\/p>\n\n\n\n<p>RREDiVITA es reserva el dret a modificar en qualsevol moment els continguts existents al vostre lloc web. RREDiVITA no assegura ni es responsabilitza del correcte funcionament dels enlla\u00e7os a llocs web de tercers que figurin a rredivita.es.<\/p>\n\n\n\n<p>A m\u00e9s, a trav\u00e9s del lloc web rredivita.es, es poden posar a disposici\u00f3 dels usuaris, serveis gratu\u00efts i\/o de pagament oferts per tercers aliens, els quals es regiran per les condicions particulars dels serveis esmentats. RREDiVITA no garanteix en cap cas la veracitat, exactitud o actualitat dels continguts i serveis oferts per tercers i queda expressament exonerat de qualsevol tipus de responsabilitat pels danys i perjudicis que es puguin derivar de la manca d&#8217;exactitud d&#8217;aquests continguts i serveis.<\/p>\n\n\n\n<p><strong>TERCERA.- RESPONSABILITAT.<\/strong><\/p>\n\n\n\n<p>RREDiVITA en cap cas ser\u00e0 responsable de:<\/p>\n\n\n\n<p>Les fallades i incid\u00e8ncies que es puguin produir en les comunicacions, esborrament o transmissions incompletes, de manera que no es garanteix que els serveis del lloc web estiguin constantment operatius.<\/p>\n\n\n\n<p>De la producci\u00f3 de qualsevol tipus de dany que els usuaris o tercers poguessin ocasionar al lloc web.<\/p>\n\n\n\n<p>De la fiabilitat i veracitat de les informacions introdu\u00efdes per tercers al lloc web, b\u00e9 directament, b\u00e9 a trav\u00e9s d&#8217;enlla\u00e7os o links.<\/p>\n\n\n\n<p>RREDiVITA es reserva el dret a suspendre l&#8217;acc\u00e9s sense av\u00eds previ, de forma discrecional i amb car\u00e0cter definitiu o temporal, fins a l&#8217;assegurament de la responsabilitat efectiva dels danys que es puguin produir.<\/p>\n\n\n\n<p>RREDiVITA col\u00b7laborar\u00e0 i notificar\u00e0 a l&#8217;autoritat competent les incid\u00e8ncies indicades anteriorment en el moment en qu\u00e8 tingui coneixement fefaent que els danys ocasionats constitueixin qualsevol tipus d&#8217;activitat il\u00b7l\u00edcita.<\/p>\n\n\n\n<p><strong>QUARTA.- DRETS D&#8217;AUTOR<\/strong><\/p>\n\n\n\n<p>Els continguts propis, la programaci\u00f3 i el disseny del lloc web rredivita.es es troba plenament protegit pels drets d&#8217;autor, i queda expressament prohibida tota reproducci\u00f3, comunicaci\u00f3, distribuci\u00f3 i transformaci\u00f3 dels referits elements protegits, llevat del consentiment expr\u00e9s de RREDiVITA.<\/p>\n\n\n\n<p>RREDiVITA pot utilitzar fonts externes per a l&#8217;elaboraci\u00f3 dels seus continguts i establir links o hiperenlla\u00e7os a articles o informacions de tercers citant-ne sempre la font. El leg\u00edtim titular dels drets d&#8217;autor de les informacions aix\u00ed incloses podr\u00e0 sol\u00b7licitar en qualsevol moment l&#8217;eliminaci\u00f3 dels continguts esmentats.<\/p>\n\n\n\n<p>Els materials, tant gr\u00e0fics com escrits enviats pels usuaris a trav\u00e9s dels mitjans que es posen a la vostra disposici\u00f3 al lloc web, s\u00f3n propietat de l&#8217;usuari, que afirma en enviar-los la seva leg\u00edtima autoria i cedeix els drets de reproducci\u00f3 i distribuci\u00f3 al RREDiVITA.<\/p>\n\n\n\n<p><strong>CINQUENA.- JURISDICCI\u00d3 I LLEI APLICABLE<\/strong><\/p>\n\n\n\n<p>Aquestes condicions generals es regeixen per la legislaci\u00f3 espanyola. S\u00f3n competents per resoldre tota controv\u00e8rsia o conflicte que es derivi de les presents condicions generals els jutjats, renunciant expressament l&#8217;usuari a qualsevol altre fur que li pugui correspondre.<\/p>\n\n\n\n<p><strong>DIVENDRES.- DIVERSOS.<\/strong><\/p>\n\n\n\n<p>En cas que qualsevol cl\u00e0usula del present document fos declarada nul\u00b7la, les altres cl\u00e0usules continuaran vigents i s&#8217;interpretaran tenint en compte la voluntat de les parts i la finalitat mateixa de les presents condicions. RREDiVITA podr\u00e0 no exercitar algun dels drets i facultats conferits en aquest document, cosa que no implicar\u00e0 en cap cas la ren\u00fancia als mateixos, llevat de reconeixement expr\u00e9s per part de RREDiVITA.<\/p>\n","protected":false},"excerpt":{"rendered":"<p>El lloc web rredivita.es \u00e9s propietat d&#8217;Axel Valencia Cant\u00fa (d&#8217;ara endavant, RREDiVITA), amb domicili a efectes de notificacions a Carrer del Bosc, 40, Baix, 08210 Barber\u00e0 del Vall\u00e8s, Barcelona, \u200b\u200bNIF n\u00fam. Y7515344Q i adre\u00e7a de correu electr\u00f2nic axelvalenciaftr@gmail.com, ia trav\u00e9s del mateix es proporciona informaci\u00f3 sobre les seves activitats. L&#8217;acc\u00e9s i l&#8217;\u00fas del lloc web [&hellip;]<\/p>\n","protected":false},"author":1,"featured_media":0,"parent":0,"menu_order":0,"comment_status":"closed","ping_status":"closed","template":"","meta":{"_acf_changed":false,"footnotes":""},"class_list":["post-204","page","type-page","status-publish","hentry"],"acf":[],"_links":{"self":[{"href":"https:\/\/rredivita.es\/ca\/wp-json\/wp\/v2\/pages\/204","targetHints":{"allow":["GET"]}}],"collection":[{"href":"https:\/\/rredivita.es\/ca\/wp-json\/wp\/v2\/pages"}],"about":[{"href":"https:\/\/rredivita.es\/ca\/wp-json\/wp\/v2\/types\/page"}],"author":[{"embeddable":true,"href":"https:\/\/rredivita.es\/ca\/wp-json\/wp\/v2\/users\/1"}],"replies":[{"embeddable":true,"href":"https:\/\/rredivita.es\/ca\/wp-json\/wp\/v2\/comments?post=204"}],"version-history":[{"count":1,"href":"https:\/\/rredivita.es\/ca\/wp-json\/wp\/v2\/pages\/204\/revisions"}],"predecessor-version":[{"id":205,"href":"https:\/\/rredivita.es\/ca\/wp-json\/wp\/v2\/pages\/204\/revisions\/205"}],"wp:attachment":[{"href":"https:\/\/rredivita.es\/ca\/wp-json\/wp\/v2\/media?parent=204"}],"curies":[{"name":"wp","href":"https:\/\/api.w.org\/{rel}","templated":true}]}}